{"id":4575,"date":"2022-10-21T22:50:20","date_gmt":"2022-10-21T22:50:20","guid":{"rendered":"https:\/\/prowebstudio.net\/?page_id=4575"},"modified":"2023-08-15T16:50:35","modified_gmt":"2023-08-15T16:50:35","slug":"contacto","status":"publish","type":"page","link":"https:\/\/prowebstudio.net\/en\/contacto\/","title":{"rendered":"Contact"},"content":{"rendered":"<p>[et_pb_section fb_built=\u00bb1&#8243; admin_label=\u00bbHero\u00bb _builder_version=\u00bb4.18.0&#8243; use_background_color_gradient=\u00bbon\u00bb background_color_gradient_direction=\u00bb146deg\u00bb background_color_gradient_stops=\u00bb#a258ff 0%|#308cff 100%\u00bb background_color_gradient_start=\u00bb#a258ff\u00bb background_color_gradient_end=\u00bb#308cff\u00bb custom_margin=\u00bb|||\u00bb custom_padding=\u00bb151px|0px|0px||false|false\u00bb box_shadow_style=\u00bbpreset4&#8243; box_shadow_horizontal=\u00bb0px\u00bb box_shadow_vertical=\u00bb-100px\u00bb box_shadow_color=\u00bb#ffffff\u00bb box_shadow_position=\u00bbinner\u00bb global_colors_info=\u00bb{}\u00bb][et_pb_row _builder_version=\u00bb4.18.0&#8243; background_size=\u00bbinitial\u00bb background_position=\u00bbtop_left\u00bb background_repeat=\u00bbrepeat\u00bb custom_margin=\u00bb||40px||false|false\u00bb custom_padding=\u00bb58px||||false|false\u00bb global_colors_info=\u00bb{}\u00bb][et_pb_column type=\u00bb4_4&#8243; _builder_version=\u00bb4.16&#8243; custom_padding=\u00bb|||\u00bb global_colors_info=\u00bb{}\u00bb custom_padding__hover=\u00bb|||\u00bb][et_pb_text admin_label=\u00bbTitle\u00bb _builder_version=\u00bb4.18.0&#8243; text_font=\u00bb||||||||\u00bb header_font=\u00bbSolomon Sans Semibold|500|||||||\u00bb header_text_align=\u00bbcenter\u00bb header_font_size=\u00bb76px\u00bb background_layout=\u00bbdark\u00bb animation_style=\u00bbzoom\u00bb animation_direction=\u00bbleft\u00bb animation_intensity_zoom=\u00bb10%\u00bb header_font_size_tablet=\u00bb50px\u00bb header_font_size_phone=\u00bb53px\u00bb header_font_size_last_edited=\u00bbon|phone\u00bb global_colors_info=\u00bb{}\u00bb]<\/p>\n<h1>Do you need a Website?<\/h1>\n<p>[\/et_pb_text][et_pb_text _builder_version=\u00bb4.18.0&#8243; text_font=\u00bbSolomon Sans Thin||||||||\u00bb text_text_color=\u00bbrgba(255,255,255,0.7)\u00bb text_font_size=\u00bb36px\u00bb text_line_height=\u00bb1.2em\u00bb text_orientation=\u00bbcenter\u00bb background_layout=\u00bbdark\u00bb max_width=\u00bb831px\u00bb module_alignment=\u00bbcenter\u00bb custom_padding=\u00bb|||0px||\u00bb animation_style=\u00bbzoom\u00bb animation_direction=\u00bbleft\u00bb animation_delay=\u00bb100ms\u00bb animation_intensity_zoom=\u00bb10%\u00bb text_font_size_tablet=\u00bb36px\u00bb text_font_size_phone=\u00bb28px\u00bb text_font_size_last_edited=\u00bbon|phone\u00bb global_colors_info=\u00bb{}\u00bb]<\/p>\n<p>Contact us TODAY and let's talk about your project, brand or business.<\/p>\n<p>[\/et_pb_text][et_pb_icon font_icon=\u00bb&#x3b;||divi||400&#8243; icon_color=\u00bb#FFFFFF\u00bb icon_width=\u00bb48px\u00bb url=\u00bb#form\u00bb _builder_version=\u00bb4.18.0&#8243; _module_preset=\u00bbdefault\u00bb global_colors_info=\u00bb{}\u00bb][\/et_pb_icon][\/et_pb_column][\/et_pb_row][et_pb_row custom_padding_last_edited=\u00bbon|phone\u00bb module_id=\u00bbform\u00bb _builder_version=\u00bb4.18.0&#8243; background_color=\u00bb#636363&#8243; width=\u00bb65%\u00bb width_tablet=\u00bb65%\u00bb width_phone=\u00bb85%\u00bb width_last_edited=\u00bbon|phone\u00bb custom_margin=\u00bb||||false|false\u00bb custom_padding=\u00bb87px|87px|87px|87px|true|true\u00bb custom_padding_tablet=\u00bb87px|87px|87px|87px|true|true\u00bb custom_padding_phone=\u00bb40px|20px|40px|20px|true|true\u00bb border_radii=\u00bbon|4px|4px|4px|4px\u00bb box_shadow_style=\u00bbpreset1&#8243; box_shadow_horizontal=\u00bb8px\u00bb box_shadow_vertical=\u00bb0px\u00bb global_colors_info=\u00bb{}\u00bb][et_pb_column type=\u00bb4_4&#8243; _builder_version=\u00bb4.16&#8243; custom_padding=\u00bb|||\u00bb global_colors_info=\u00bb{}\u00bb custom_padding__hover=\u00bb|||\u00bb][et_pb_contact_form email=\u00bbcjmascareno@gmail.com\u00bb custom_message=\u00bbNombre: %%name%%||et_pb_line_break_holder||||et_pb_line_break_holder||Email: %%email%%||et_pb_line_break_holder||||et_pb_line_break_holder||Interesado en: %%inter\u00e9s%%||et_pb_line_break_holder||||et_pb_line_break_holder||Mensaje:||et_pb_line_break_holder||||et_pb_line_break_holder||%%message%%\u00bb success_message=\u00bb\u00a1Gracias por tu mensaje! Pronto te responderemos.\u00bb _builder_version=\u00bb4.18.0&#8243; _module_preset=\u00bbdefault\u00bb _unique_id=\u00bb6bec59fe-d6dd-4c94-a4bc-ada725000e8f\u00bb form_field_background_color=\u00bb#FFFFFF\u00bb title_font=\u00bbSolomon Sans Normal||||||||\u00bb title_text_color=\u00bb#FFFFFF\u00bb captcha_font=\u00bbSolomon Sans Normal||||||||\u00bb captcha_text_color=\u00bb#FFFFFF\u00bb captcha_font_size=\u00bb14px\u00bb form_field_font=\u00bbSolomon Sans Thin|700|||||||\u00bb custom_button=\u00bbon\u00bb button_text_size=\u00bb17px\u00bb button_text_color=\u00bb#FFFFFF\u00bb button_font=\u00bbSolomon Sans Normal||||||||\u00bb button_custom_margin=\u00bb0px||||false|false\u00bb captcha_font_size_tablet=\u00bb14px\u00bb captcha_font_size_phone=\u00bb12px\u00bb captcha_font_size_last_edited=\u00bbon|phone\u00bb border_radii=\u00bbon|4px|4px|4px|4px\u00bb global_colors_info=\u00bb{}\u00bb button_border_color__hover_enabled=\u00bbon|hover\u00bb button_border_color__hover=\u00bb#FFFFFF\u00bb][et_pb_contact_field field_id=\u00bbName\u00bb field_title=\u00bbNombre\u00bb _builder_version=\u00bb4.18.0&#8243; global_colors_info=\u00bb{}\u00bb button_text_size__hover_enabled=\u00bboff\u00bb button_one_text_size__hover_enabled=\u00bboff\u00bb button_two_text_size__hover_enabled=\u00bboff\u00bb button_text_color__hover_enabled=\u00bboff\u00bb button_one_text_color__hover_enabled=\u00bboff\u00bb button_two_text_color__hover_enabled=\u00bboff\u00bb button_border_width__hover_enabled=\u00bboff\u00bb button_one_border_width__hover_enabled=\u00bboff\u00bb button_two_border_width__hover_enabled=\u00bboff\u00bb button_border_color__hover_enabled=\u00bboff\u00bb button_one_border_color__hover_enabled=\u00bboff\u00bb button_two_border_color__hover_enabled=\u00bboff\u00bb button_border_radius__hover_enabled=\u00bboff\u00bb button_one_border_radius__hover_enabled=\u00bboff\u00bb button_two_border_radius__hover_enabled=\u00bboff\u00bb button_letter_spacing__hover_enabled=\u00bboff\u00bb button_one_letter_spacing__hover_enabled=\u00bboff\u00bb button_two_letter_spacing__hover_enabled=\u00bboff\u00bb button_bg_color__hover_enabled=\u00bboff\u00bb button_one_bg_color__hover_enabled=\u00bboff\u00bb button_two_bg_color__hover_enabled=\u00bboff\u00bb][\/et_pb_contact_field][et_pb_contact_field field_id=\u00bbEmail\u00bb field_title=\u00bbEmail\u00bb field_type=\u00bbemail\u00bb _builder_version=\u00bb4.18.0&#8243; global_colors_info=\u00bb{}\u00bb button_text_size__hover_enabled=\u00bboff\u00bb button_one_text_size__hover_enabled=\u00bboff\u00bb button_two_text_size__hover_enabled=\u00bboff\u00bb button_text_color__hover_enabled=\u00bboff\u00bb button_one_text_color__hover_enabled=\u00bboff\u00bb button_two_text_color__hover_enabled=\u00bboff\u00bb button_border_width__hover_enabled=\u00bboff\u00bb button_one_border_width__hover_enabled=\u00bboff\u00bb button_two_border_width__hover_enabled=\u00bboff\u00bb button_border_color__hover_enabled=\u00bboff\u00bb button_one_border_color__hover_enabled=\u00bboff\u00bb button_two_border_color__hover_enabled=\u00bboff\u00bb button_border_radius__hover_enabled=\u00bboff\u00bb button_one_border_radius__hover_enabled=\u00bboff\u00bb button_two_border_radius__hover_enabled=\u00bboff\u00bb button_letter_spacing__hover_enabled=\u00bboff\u00bb button_one_letter_spacing__hover_enabled=\u00bboff\u00bb button_two_letter_spacing__hover_enabled=\u00bboff\u00bb button_bg_color__hover_enabled=\u00bboff\u00bb button_one_bg_color__hover_enabled=\u00bboff\u00bb button_two_bg_color__hover_enabled=\u00bboff\u00bb][\/et_pb_contact_field][et_pb_contact_field field_id=\u00bbInter\u00e9s\u00bb field_title=\u00bbMe interesa&#8230;\u00bb field_type=\u00bbselect\u00bb select_options=\u00bb%91{%22value%22:%22Una p\u00e1gina web%22,%22checked%22:0,%22dragID%22:-1},{%22value%22:%22Una instalaci\u00f3n de tema%22,%22checked%22:0,%22dragID%22:0},{%22value%22:%22Integraci\u00f3n con Google Analytics%22,%22checked%22:0,%22dragID%22:1},{%22value%22:%22Optimizaci\u00f3n SEO%22,%22checked%22:0,%22dragID%22:2}%93&#8243; fullwidth_field=\u00bbon\u00bb _builder_version=\u00bb4.18.0&#8243; _module_preset=\u00bbdefault\u00bb global_colors_info=\u00bb{}\u00bb][\/et_pb_contact_field][et_pb_contact_field field_id=\u00bbMessage\u00bb field_title=\u00bbMensaje\u00bb field_type=\u00bbtext\u00bb fullwidth_field=\u00bbon\u00bb _builder_version=\u00bb4.18.0&#8243; custom_margin_tablet=\u00bb\u00bb custom_margin_phone=\u00bb||15px||false|false\u00bb custom_margin_last_edited=\u00bbon|phone\u00bb custom_padding=\u00bb||||false|false\u00bb global_colors_info=\u00bb{}\u00bb button_text_size__hover_enabled=\u00bboff\u00bb button_one_text_size__hover_enabled=\u00bboff\u00bb button_two_text_size__hover_enabled=\u00bboff\u00bb button_text_color__hover_enabled=\u00bboff\u00bb button_one_text_color__hover_enabled=\u00bboff\u00bb button_two_text_color__hover_enabled=\u00bboff\u00bb button_border_width__hover_enabled=\u00bboff\u00bb button_one_border_width__hover_enabled=\u00bboff\u00bb button_two_border_width__hover_enabled=\u00bboff\u00bb button_border_color__hover_enabled=\u00bboff\u00bb button_one_border_color__hover_enabled=\u00bboff\u00bb button_two_border_color__hover_enabled=\u00bboff\u00bb button_border_radius__hover_enabled=\u00bboff\u00bb button_one_border_radius__hover_enabled=\u00bboff\u00bb button_two_border_radius__hover_enabled=\u00bboff\u00bb button_letter_spacing__hover_enabled=\u00bboff\u00bb button_one_letter_spacing__hover_enabled=\u00bboff\u00bb button_two_letter_spacing__hover_enabled=\u00bboff\u00bb button_bg_color__hover_enabled=\u00bboff\u00bb button_one_bg_color__hover_enabled=\u00bboff\u00bb button_two_bg_color__hover_enabled=\u00bboff\u00bb][\/et_pb_contact_field][\/et_pb_contact_form][\/et_pb_column][\/et_pb_row][\/et_pb_section][et_pb_section fb_built=\u00bb1&#8243; _builder_version=\u00bb4.18.0&#8243; _module_preset=\u00bbdefault\u00bb custom_margin=\u00bb40px||||false|false\u00bb custom_padding=\u00bb||113px|||\u00bb global_colors_info=\u00bb{}\u00bb][et_pb_row column_structure=\u00bb1_3,1_3,1_3&#8243; _builder_version=\u00bb4.18.0&#8243; _module_preset=\u00bbdefault\u00bb global_colors_info=\u00bb{}\u00bb][et_pb_column type=\u00bb1_3&#8243; _builder_version=\u00bb4.18.0&#8243; _module_preset=\u00bbdefault\u00bb global_colors_info=\u00bb{}\u00bb][et_pb_blurb title=\u00bbWhatsApp\u00bb use_icon=\u00bbon\u00bb font_icon=\u00bb&#xf40c;||fa||400&#8243; icon_color=\u00bb#ff9504&#8243; image_icon_width=\u00bb66px\u00bb _builder_version=\u00bb4.18.0&#8243; _module_preset=\u00bbdefault\u00bb header_font=\u00bbSolomon Sans Normal|700|||||||\u00bb header_text_align=\u00bbcenter\u00bb header_font_size=\u00bb20px\u00bb body_font=\u00bbSolomon Sans Thin|700|||||||\u00bb body_text_align=\u00bbcenter\u00bb body_font_size=\u00bb18px\u00bb global_colors_info=\u00bb{}\u00bb]<\/p>\n<p style=\"text-align: center;\"><a href=\"tel: 584242127361\">+58 0412-829-3766<\/a><\/p>\n<p>[\/et_pb_blurb][\/et_pb_column][et_pb_column type=\u00bb1_3&#8243; _builder_version=\u00bb4.18.0&#8243; _module_preset=\u00bbdefault\u00bb global_colors_info=\u00bb{}\u00bb][et_pb_blurb title=\u00bbCorreo electr\u00f3nico\u00bb use_icon=\u00bbon\u00bb font_icon=\u00bb&#xf674;||fa||900&#8243; icon_color=\u00bb#ff9504&#8243; image_icon_width=\u00bb65px\u00bb _builder_version=\u00bb4.18.0&#8243; _module_preset=\u00bbdefault\u00bb header_font=\u00bbSolomon Sans Normal|700|||||||\u00bb header_text_align=\u00bbcenter\u00bb header_font_size=\u00bb20px\u00bb body_font=\u00bbSolomon Sans Thin|700|||||||\u00bb body_text_align=\u00bbcenter\u00bb body_font_size=\u00bb18px\u00bb global_colors_info=\u00bb{}\u00bb]<\/p>\n<p style=\"text-align: center;\"><a href=\"mailto:contacto@prowebstudio.net\">contacto@prowebstudio.net<\/a><\/p>\n<p>[\/et_pb_blurb][\/et_pb_column][et_pb_column type=\u00bb1_3&#8243; _builder_version=\u00bb4.18.0&#8243; _module_preset=\u00bbdefault\u00bb global_colors_info=\u00bb{}\u00bb][et_pb_blurb title=\u00bbRedes\u00bb use_icon=\u00bbon\u00bb font_icon=\u00bb&#xe0b1;||divi||400&#8243; icon_color=\u00bb#ff9504&#8243; image_icon_width=\u00bb65px\u00bb _builder_version=\u00bb4.18.0&#8243; _module_preset=\u00bbdefault\u00bb header_font=\u00bbSolomon Sans Normal|700|||||||\u00bb header_text_align=\u00bbcenter\u00bb header_font_size=\u00bb20px\u00bb body_font=\u00bbSolomon Sans Normal||||||||\u00bb body_text_align=\u00bbcenter\u00bb body_font_size=\u00bb18px\u00bb global_colors_info=\u00bb{}\u00bb][\/et_pb_blurb][et_pb_social_media_follow icon_color=\u00bb#4f4f4f\u00bb _builder_version=\u00bb4.18.0&#8243; _module_preset=\u00bbdefault\u00bb text_orientation=\u00bbcenter\u00bb custom_margin=\u00bb-32px||0px||false|false\u00bb custom_css_social_icon=\u00bbbackground-color: #fff!important;\u00bb global_colors_info=\u00bb{}\u00bb][et_pb_social_media_follow_network social_network=\u00bbinstagram\u00bb url=\u00bbhttps:\/\/www.instagram.com\/proweb.studio\/\u00bb _builder_version=\u00bb4.18.0&#8243; _module_preset=\u00bbdefault\u00bb background_color=\u00bb#ea2c59&#8243; global_colors_info=\u00bb{}\u00bb follow_button=\u00bboff\u00bb url_new_window=\u00bbon\u00bb]instagram[\/et_pb_social_media_follow_network][et_pb_social_media_follow_network social_network=\u00bbfacebook\u00bb url=\u00bbhttps:\/\/www.facebook.com\/prowebstudio.net\u00bb _builder_version=\u00bb4.18.0&#8243; _module_preset=\u00bbdefault\u00bb background_color=\u00bb#3b5998&#8243; global_colors_info=\u00bb{}\u00bb follow_button=\u00bboff\u00bb url_new_window=\u00bbon\u00bb]facebook[\/et_pb_social_media_follow_network][et_pb_social_media_follow_network social_network=\u00bbtwitter\u00bb url=\u00bbhttps:\/\/twitter.com\/pro_web_studio\u00bb _builder_version=\u00bb4.18.0&#8243; _module_preset=\u00bbdefault\u00bb background_color=\u00bb#00aced\u00bb global_colors_info=\u00bb{}\u00bb follow_button=\u00bboff\u00bb url_new_window=\u00bbon\u00bb]twitter[\/et_pb_social_media_follow_network][et_pb_social_media_follow_network social_network=\u00bblinkedin\u00bb url=\u00bbhttps:\/\/www.linkedin.com\/in\/carlosmascareno\/\u00bb _builder_version=\u00bb4.18.0&#8243; _module_preset=\u00bbdefault\u00bb background_color=\u00bb#007bb6&#8243; global_colors_info=\u00bb{}\u00bb follow_button=\u00bboff\u00bb url_new_window=\u00bbon\u00bb]linkedin[\/et_pb_social_media_follow_network][\/et_pb_social_media_follow][\/et_pb_column][\/et_pb_row][et_pb_row custom_padding_last_edited=\u00bbon|phone\u00bb _builder_version=\u00bb4.18.0&#8243; _module_preset=\u00bbdefault\u00bb custom_padding=\u00bb106px|||||\u00bb custom_padding_tablet=\u00bb106px|||||\u00bb custom_padding_phone=\u00bb80px||||false|false\u00bb global_colors_info=\u00bb{}\u00bb][et_pb_column type=\u00bb4_4&#8243; _builder_version=\u00bb4.18.0&#8243; _module_preset=\u00bbdefault\u00bb global_colors_info=\u00bb{}\u00bb][et_pb_text _builder_version=\u00bb4.18.0&#8243; text_font=\u00bbSolomon Sans Normal||||||||\u00bb text_text_color=\u00bb#636363&#8243; text_font_size=\u00bb36px\u00bb text_line_height=\u00bb1.2em\u00bb text_orientation=\u00bbcenter\u00bb background_layout=\u00bbdark\u00bb max_width=\u00bb831px\u00bb module_alignment=\u00bbcenter\u00bb custom_padding=\u00bb|||0px||\u00bb animation_style=\u00bbzoom\u00bb animation_direction=\u00bbleft\u00bb animation_delay=\u00bb100ms\u00bb animation_intensity_zoom=\u00bb10%\u00bb text_font_size_tablet=\u00bb36px\u00bb text_font_size_phone=\u00bb29px\u00bb text_font_size_last_edited=\u00bbon|phone\u00bb global_colors_info=\u00bb{}\u00bb]<\/p>\n<p>Hablamos ingl\u00e9s &#8211; We Do Speak English<\/p>\n<p>[\/et_pb_text][\/et_pb_column][\/et_pb_row][\/et_pb_section]<\/p>","protected":false},"excerpt":{"rendered":"<p>\u00bfNecesitas una p\u00e1gina web?Cont\u00e1ctanos hoy mismo y conversemos sobre tu proyecto, negocio o emprendimiento.+58 0412-829-3766contacto@prowebstudio.netHablamos ingl\u00e9s &#8211; We Do Speak English<\/p>","protected":false},"author":1,"featured_media":0,"parent":0,"menu_order":0,"comment_status":"closed","ping_status":"closed","template":"","meta":{"_et_pb_use_builder":"on","_et_pb_old_content":"","_et_gb_content_width":"","_joinchat":[],"footnotes":""},"class_list":["post-4575","page","type-page","status-publish","hentry"],"yoast_head":"<!-- This site is optimized with the Yoast SEO plugin v20.13 - https:\/\/yoast.com\/wordpress\/plugins\/seo\/ -->\n<title>Contacto - ProWeb Studio<\/title>\n<meta name=\"robots\" content=\"index, follow, max-snippet:-1, max-image-preview:large, max-video-preview:-1\" \/>\n<link rel=\"canonical\" href=\"https:\/\/prowebstudio.net\/en\/contacto\/\" \/>\n<meta property=\"og:locale\" content=\"en_US\" \/>\n<meta property=\"og:type\" content=\"article\" \/>\n<meta property=\"og:title\" content=\"Contacto - ProWeb Studio\" \/>\n<meta property=\"og:description\" content=\"\u00bfNecesitas una p\u00e1gina web?Cont\u00e1ctanos hoy mismo y conversemos sobre tu proyecto, negocio o emprendimiento.+58 0412-829-3766contacto@prowebstudio.netHablamos ingl\u00e9s - We Do Speak English\" \/>\n<meta property=\"og:url\" content=\"https:\/\/prowebstudio.net\/en\/contacto\/\" \/>\n<meta property=\"og:site_name\" content=\"ProWeb Studio\" \/>\n<meta property=\"article:publisher\" content=\"https:\/\/www.facebook.com\/prowebstudio.net\" \/>\n<meta property=\"article:modified_time\" content=\"2023-08-15T16:50:35+00:00\" \/>\n<meta property=\"og:image\" content=\"https:\/\/prowebstudio.net\/wp-content\/uploads\/2022\/11\/portada.jpg\" \/>\n\t<meta property=\"og:image:width\" content=\"450\" \/>\n\t<meta property=\"og:image:height\" content=\"210\" \/>\n\t<meta property=\"og:image:type\" content=\"image\/jpeg\" \/>\n<meta name=\"twitter:card\" content=\"summary_large_image\" \/>\n<meta name=\"twitter:site\" content=\"@pro_web_studio\" \/>\n<meta name=\"twitter:label1\" content=\"Est. reading time\" \/>\n\t<meta name=\"twitter:data1\" content=\"2 minutes\" \/>\n<script type=\"application\/ld+json\" class=\"yoast-schema-graph\">{\"@context\":\"https:\/\/schema.org\",\"@graph\":[{\"@type\":\"WebPage\",\"@id\":\"https:\/\/prowebstudio.net\/contacto\/\",\"url\":\"https:\/\/prowebstudio.net\/contacto\/\",\"name\":\"Contacto - ProWeb Studio\",\"isPartOf\":{\"@id\":\"https:\/\/prowebstudio.net\/#website\"},\"datePublished\":\"2022-10-21T22:50:20+00:00\",\"dateModified\":\"2023-08-15T16:50:35+00:00\",\"breadcrumb\":{\"@id\":\"https:\/\/prowebstudio.net\/contacto\/#breadcrumb\"},\"inLanguage\":\"en-US\",\"potentialAction\":[{\"@type\":\"ReadAction\",\"target\":[\"https:\/\/prowebstudio.net\/contacto\/\"]}]},{\"@type\":\"BreadcrumbList\",\"@id\":\"https:\/\/prowebstudio.net\/contacto\/#breadcrumb\",\"itemListElement\":[{\"@type\":\"ListItem\",\"position\":1,\"name\":\"Portada\",\"item\":\"https:\/\/prowebstudio.net\/\"},{\"@type\":\"ListItem\",\"position\":2,\"name\":\"Contacto\"}]},{\"@type\":\"WebSite\",\"@id\":\"https:\/\/prowebstudio.net\/#website\",\"url\":\"https:\/\/prowebstudio.net\/\",\"name\":\"ProWeb Studio\",\"description\":\"Dise\u00f1o Profesional de P\u00e1ginas Web en WordPress\",\"publisher\":{\"@id\":\"https:\/\/prowebstudio.net\/#organization\"},\"potentialAction\":[{\"@type\":\"SearchAction\",\"target\":{\"@type\":\"EntryPoint\",\"urlTemplate\":\"https:\/\/prowebstudio.net\/?s={search_term_string}\"},\"query-input\":\"required name=search_term_string\"}],\"inLanguage\":\"en-US\"},{\"@type\":\"Organization\",\"@id\":\"https:\/\/prowebstudio.net\/#organization\",\"name\":\"ProWeb Studio\",\"url\":\"https:\/\/prowebstudio.net\/\",\"logo\":{\"@type\":\"ImageObject\",\"inLanguage\":\"en-US\",\"@id\":\"https:\/\/prowebstudio.net\/#\/schema\/logo\/image\/\",\"url\":\"https:\/\/prowebstudio.net\/wp-content\/uploads\/2022\/11\/portada-2.jpg\",\"contentUrl\":\"https:\/\/prowebstudio.net\/wp-content\/uploads\/2022\/11\/portada-2.jpg\",\"width\":400,\"height\":206,\"caption\":\"ProWeb Studio\"},\"image\":{\"@id\":\"https:\/\/prowebstudio.net\/#\/schema\/logo\/image\/\"},\"sameAs\":[\"https:\/\/www.facebook.com\/prowebstudio.net\",\"https:\/\/twitter.com\/pro_web_studio\",\"https:\/\/www.instagram.com\/proweb.studio\/\"]}]}<\/script>\n<!-- \/ Yoast SEO plugin. -->","yoast_head_json":{"title":"Contacto - ProWeb Studio","robots":{"index":"index","follow":"follow","max-snippet":"max-snippet:-1","max-image-preview":"max-image-preview:large","max-video-preview":"max-video-preview:-1"},"canonical":"https:\/\/prowebstudio.net\/en\/contacto\/","og_locale":"en_US","og_type":"article","og_title":"Contacto - ProWeb Studio","og_description":"\u00bfNecesitas una p\u00e1gina web?Cont\u00e1ctanos hoy mismo y conversemos sobre tu proyecto, negocio o emprendimiento.+58 0412-829-3766contacto@prowebstudio.netHablamos ingl\u00e9s - We Do Speak English","og_url":"https:\/\/prowebstudio.net\/en\/contacto\/","og_site_name":"ProWeb Studio","article_publisher":"https:\/\/www.facebook.com\/prowebstudio.net","article_modified_time":"2023-08-15T16:50:35+00:00","og_image":[{"width":450,"height":210,"url":"https:\/\/prowebstudio.net\/wp-content\/uploads\/2022\/11\/portada.jpg","type":"image\/jpeg"}],"twitter_card":"summary_large_image","twitter_site":"@pro_web_studio","twitter_misc":{"Est. reading time":"2 minutes"},"schema":{"@context":"https:\/\/schema.org","@graph":[{"@type":"WebPage","@id":"https:\/\/prowebstudio.net\/contacto\/","url":"https:\/\/prowebstudio.net\/contacto\/","name":"Contacto - ProWeb Studio","isPartOf":{"@id":"https:\/\/prowebstudio.net\/#website"},"datePublished":"2022-10-21T22:50:20+00:00","dateModified":"2023-08-15T16:50:35+00:00","breadcrumb":{"@id":"https:\/\/prowebstudio.net\/contacto\/#breadcrumb"},"inLanguage":"en-US","potentialAction":[{"@type":"ReadAction","target":["https:\/\/prowebstudio.net\/contacto\/"]}]},{"@type":"BreadcrumbList","@id":"https:\/\/prowebstudio.net\/contacto\/#breadcrumb","itemListElement":[{"@type":"ListItem","position":1,"name":"Portada","item":"https:\/\/prowebstudio.net\/"},{"@type":"ListItem","position":2,"name":"Contacto"}]},{"@type":"WebSite","@id":"https:\/\/prowebstudio.net\/#website","url":"https:\/\/prowebstudio.net\/","name":"ProWeb Studio","description":"Dise\u00f1o Profesional de P\u00e1ginas Web en WordPress","publisher":{"@id":"https:\/\/prowebstudio.net\/#organization"},"potentialAction":[{"@type":"SearchAction","target":{"@type":"EntryPoint","urlTemplate":"https:\/\/prowebstudio.net\/?s={search_term_string}"},"query-input":"required name=search_term_string"}],"inLanguage":"en-US"},{"@type":"Organization","@id":"https:\/\/prowebstudio.net\/#organization","name":"ProWeb Studio","url":"https:\/\/prowebstudio.net\/","logo":{"@type":"ImageObject","inLanguage":"en-US","@id":"https:\/\/prowebstudio.net\/#\/schema\/logo\/image\/","url":"https:\/\/prowebstudio.net\/wp-content\/uploads\/2022\/11\/portada-2.jpg","contentUrl":"https:\/\/prowebstudio.net\/wp-content\/uploads\/2022\/11\/portada-2.jpg","width":400,"height":206,"caption":"ProWeb Studio"},"image":{"@id":"https:\/\/prowebstudio.net\/#\/schema\/logo\/image\/"},"sameAs":["https:\/\/www.facebook.com\/prowebstudio.net","https:\/\/twitter.com\/pro_web_studio","https:\/\/www.instagram.com\/proweb.studio\/"]}]}},"_links":{"self":[{"href":"https:\/\/prowebstudio.net\/en\/wp-json\/wp\/v2\/pages\/4575","targetHints":{"allow":["GET"]}}],"collection":[{"href":"https:\/\/prowebstudio.net\/en\/wp-json\/wp\/v2\/pages"}],"about":[{"href":"https:\/\/prowebstudio.net\/en\/wp-json\/wp\/v2\/types\/page"}],"author":[{"embeddable":true,"href":"https:\/\/prowebstudio.net\/en\/wp-json\/wp\/v2\/users\/1"}],"replies":[{"embeddable":true,"href":"https:\/\/prowebstudio.net\/en\/wp-json\/wp\/v2\/comments?post=4575"}],"version-history":[{"count":68,"href":"https:\/\/prowebstudio.net\/en\/wp-json\/wp\/v2\/pages\/4575\/revisions"}],"predecessor-version":[{"id":5545,"href":"https:\/\/prowebstudio.net\/en\/wp-json\/wp\/v2\/pages\/4575\/revisions\/5545"}],"wp:attachment":[{"href":"https:\/\/prowebstudio.net\/en\/wp-json\/wp\/v2\/media?parent=4575"}],"curies":[{"name":"wp","href":"https:\/\/api.w.org\/{rel}","templated":true}]}}